{"id":11902,"date":"2022-03-30T09:21:45","date_gmt":"2022-03-30T08:21:45","guid":{"rendered":"https:\/\/www.treatwell.it\/inspiration\/?page_id=11902"},"modified":"2024-05-14T10:32:22","modified_gmt":"2024-05-14T08:32:22","slug":"treat-for-her-treatwell-x-una-stanza-per-un-sorriso","status":"publish","type":"page","link":"https:\/\/www.treatwell.it/inspiration\/treat-for-her-treatwell-x-una-stanza-per-un-sorriso\/","title":{"rendered":"Treat For Her &#8211; Treatwell x Una Stanza per un Sorriso"},"content":{"rendered":"\n\t\t\t\t<img loading=\"lazy\" decoding=\"async\" src=\"https:\/\/www.treatwell.it/inspiration\/wp-content\/uploads\/sites\/8\/2022\/05\/1200x628_B2C_Backgrounds2.png\" alt=\"1200x628_B2C_Backgrounds2\" height=\"600\" width=\"1920\" title=\"1200x628_B2C_Backgrounds2\" \/>\n\t<p>In Italia oltre 120.000 donne ogni anno si ritrovano a dover fare i conti con il cancro.<\/p>\n<p>La chemioterapia, oltre a rappresentare uno stravolgimento drastico della vita di tutti i giorni, provoca spesso nelle donne malate una vera e propria perdita d&#8217;identit\u00e0 che, sul piano psicologico, rende ancora pi\u00f9 complesso il processo di guarigione.<\/p>\n<p>Una parrucca di qualit\u00e0 pu\u00f2 diventare un vero e proprio strumento di riappropriazione di s\u00e9, per riuscire a guardarsi allo specchio e riconoscersi come donne forti, in grado di superare l&#8217;ostacolo della malattia.<\/p>\n\t\t\t<a href=\"https:\/\/www.treatwell.it\/saloni\/trattamento-donazione-capelli\/offerta-tipo-locale\/in-italia\/\" target=\"_blank\" role=\"button\" rel=\"noopener\">\n\t\t\t\t\t\t\tDona adesso\n\t\t\t\t\t<\/a>\n\t\t\t\t<img loading=\"lazy\" decoding=\"async\" src=\"https:\/\/www.treatwell.it/inspiration\/wp-content\/uploads\/sites\/8\/2022\/03\/DSC_8038.jpg\" alt=\"DSC_8038\" height=\"1397\" width=\"2048\" title=\"DSC_8038\" \/>\n\t<p><strong>Il nostro impegno<\/strong><\/p>\n\t<p>In Treatwell crediamo profondamente nella solidariet\u00e0 e nell&#8217;aiutare chi \u00e8 in difficolt\u00e0. Ecco il perch\u00e9 del progetto &#8220;<b>Treat for her<\/b>&#8220;, un momento di bellezza da dedicare non a s\u00e9 stessi ma ad un&#8217;altra persona, una <b>&#8220;lei&#8221; che sta affrontando un percorso complicato come quello della chemioterapia<\/b>. Abbiamo deciso di rivolgerci all&#8217;Organizzazione di Volontariato &#8220;<a href=\"http:\/\/www.unastanzaperunsorriso.it\/\"><b>Una Stanza per un Sorriso<\/b><\/a>&#8221; che in Italia si occupa di raccogliere capelli per creare parrucche organiche da donare alle pazienti oncologiche.<\/p>\n\t\t\t<a href=\"https:\/\/www.treatwell.it\/saloni\/trattamento-donazione-capelli\/offerta-tipo-locale\/in-italia\/\" target=\"_blank\" role=\"button\" rel=\"noopener\">\n\t\t\t\t\t\t\tDona adesso\n\t\t\t\t\t<\/a>\n\t<p><strong>A proposito di &#8216;Una Stanza per un Sorriso&#8217;<\/strong><\/p>\n\t\t\t\t<img loading=\"lazy\" decoding=\"async\" src=\"https:\/\/www.treatwell.it/inspiration\/wp-content\/uploads\/sites\/8\/2022\/05\/Wave333.png\" alt=\"Wave333\" height=\"76\" width=\"151\" title=\"Wave333\" \/>\n\t<p>A partire dal 2015, l&#8217;Associazione &#8220;Una Stanza per un Sorriso &#8211; ODV&#8221; opera su tutto il territorio nazionale, con sedi a Roma, Torino e Siracusa con il principale scopo di essere al fianco delle donne in cura oncologica sostenendole e supportandole amorevolmente nel difficile percorso chemioterapico. Tra le principali attivit\u00e0 portate avanti dall&#8217;Associazione ci sono la promozione e la partecipazione ad iniziative finalizzate al miglioramento del benessere psico-fisico di queste donne provvedendo alla fornitura e alla realizzazione di protesi cranica, posa di parrucche organiche cio\u00e8 di capelli veri. Capelli che vengono donati e che a sua volta l&#8217;Organizzazione si impegna a donare con supporto costante.<\/p>\n\t\t\t\t<img loading=\"lazy\" decoding=\"async\" src=\"https:\/\/www.treatwell.it/inspiration\/wp-content\/uploads\/sites\/8\/2022\/03\/haircut-bg-1.jpg\" alt=\"Hairdresser's scissors with comb and strand of blonde hair on grey background\" height=\"600\" width=\"1920\" title=\"Hairdresser's scissors with comb and strand of blonde hair on grey background\" \/>\n\t<p><strong>Come donare se sei un cliente<\/strong><\/p>\n\t<p><strong>1.<\/strong><\/p>\n<p>Scegli un salone aderente all&#8217;iniziativa digitando <strong>&#8220;Donazione capelli&#8221;<\/strong> nella barra di ricerca dei trattamenti e assicurati di avere <strong>almeno 25 cm di capelli non trattati<\/strong> chimicamente da donare. (Leggi di pi\u00f9 su come dovrebbero essere i capelli da donare nelle nostre FAQ a fondo pagina).<\/p>\n<p>&nbsp;<\/p>\n<p><strong>2.<\/strong><\/p>\n<p>L&#8217;Associazione ne ricaver\u00e0 delle parrucche organiche che verranno donate alle donne che stanno affrontando la chemioterapia.<\/p>\n<p>&nbsp;<\/p>\n<p><strong>3.<\/strong><\/p>\n<p>Se donare i tuoi capelli a chi ne ha bisogno ti ha fatto sentire bene e vuoi aiutarci a spargere la voce, condividi sui social l&#8217;hashtag #Treatforher e racconta a tutti di questo bellissimo progetto di cui fai parte!<\/p>\n<p>&nbsp;<\/p>\n<p><strong>4.<\/strong><\/p>\n<p>Ricorda che la Donazione prevede gratuito il solo taglio della treccia; quindi, qualsiasi servizio extra di piega, colore e ulteriore lavoro di rifinitura del taglio in salone sar\u00e0 a carico tuo.<\/p>\n<p>&nbsp;<\/p>\n\t\t\t<a href=\"https:\/\/www.treatwell.it\/saloni\/trattamento-donazione-capelli\/offerta-tipo-locale\/in-italia\/\" target=\"_blank\" role=\"button\" rel=\"noopener\">\n\t\t\t\t\t\t\tScopri dove donare\n\t\t\t\t\t<\/a>\n\t\t\t\t<img loading=\"lazy\" decoding=\"async\" src=\"https:\/\/www.treatwell.it/inspiration\/wp-content\/uploads\/sites\/8\/2022\/05\/Wave333.png\" alt=\"Wave333\" height=\"76\" width=\"151\" title=\"Wave333\" \/>\n\t<p><strong>Come donare se sei un salone<\/strong><\/p>\n\t<p>Trovi tutti gli step da seguire, dall&#8217;inserimento del trattamento nel tuo listino online alle modalit\u00e0 di taglio e di consegna delle trecce a <a href=\"https:\/\/help.uala.com\/it\/articles\/6124676-come-posso-aggiungere-il-servizio-donazione-capelli-al-mio-listino-online\"><b>questa pagina del sito<\/b><\/a> interamente dedicato ai saloni iscritti a Treatwell.<\/p>\n\t\t\t<a href=\"https:\/\/help.uala.com\/it\/articles\/6124676-come-posso-aggiungere-il-servizio-donazione-capelli-al-mio-listino-online\" target=\"_blank\" role=\"button\" rel=\"noopener\">\n\t\t\t\t\t\t\tScopri di pi\u00f9\n\t\t\t\t\t<\/a>\n\t\t\t\t<img loading=\"lazy\" decoding=\"async\" src=\"https:\/\/www.treatwell.it/inspiration\/wp-content\/uploads\/sites\/8\/2022\/03\/Frame-28-3.png\" alt=\"Frame 28\" height=\"600\" width=\"1920\" title=\"Frame 28\" \/>\n\t<p><strong>FAQ<\/strong><\/p>\n\t<p><strong>Posso sapere a chi vengono destinate le ciocche?<\/strong><\/p>\n<p>Purtroppo non \u00e8 consentito comunicare i nomi delle pazienti alle quali vengono donate le parrucche.<\/p>\n<p>&nbsp;<\/p>\n<p><strong>Se non taglio i capelli in un salone convenzionato posso comunque donarli?<\/strong><\/p>\n<p>Certo, basta inviarli a proprie spese all&#8217;Associazione a questo indirizzo:<\/p>\n<p>Una Stanza per un Sorriso, casella postale 255\u00a0 70022 Altamura\u00a0 (Ba)\u00a0 ITALIA<\/p>\n<p>&nbsp;<\/p>\n<p><strong>Se ho capelli tinti li posso donare?<\/strong><\/p>\n<p>S\u00ed a patto che non abbiano subito intense decolorazioni (come il biondo platino) o che tu non abbia colori particolari come rosa, azzurro, ecc. Vanno bene schiariture come balayage, shatush, m\u00e8ches e henn\u00e9.<\/p>\n<p>&nbsp;<\/p>\n<p><strong>E se ho un taglio scalato?<\/strong><\/p>\n<p>I capelli non devono necessariamente essere tutti pari, possono avere anche una leggera scalatura. L&#8217;importante \u00e8 che arrivino a misurare almeno 25 cm e\u00a0 che si riescano a legare in una treccia.<\/p>\n<p>&nbsp;<\/p>\n<p><strong>Posso scegliere che tipo di taglio fare?<\/strong><\/p>\n<p>Il servizio \u00e8 standard: un taglio netto, pari in modo da ricavare 25 cm di treccia. Tutto ci\u00f2 che \u00e8 extra (piega, colore, extension, taglio con frangia o rifinitura dello stesso una volta tagliata la treccia) \u00e8 a carico dell&#8217;utente e viene pagato a parte, via Treatwell o direttamente in salone.<\/p>\n<p><strong>Per ogni ulteriore domanda contatta stanzadelsorriso@gmail.com<\/strong><\/p>\n<p>&nbsp;<\/p>\n","protected":false},"excerpt":{"rendered":"<p>In Italia oltre 120.000 donne ogni anno si ritrovano a dover fare i conti con il cancro. La chemioterapia, oltre a rappresentare uno stravolgimento drastico della vita di tutti i giorni, provoca spesso nelle donne malate una vera e propria perdita d&#8217;identit\u00e0 che, sul piano psicologico, rende ancora pi\u00f9 complesso il processo di guarigione. Una&hellip;<\/p>\n","protected":false},"author":215,"featured_media":0,"parent":0,"menu_order":0,"comment_status":"closed","ping_status":"closed","template":"","meta":{"inline_featured_image":false,"footnotes":""},"class_list":["post-11902","page","type-page","status-publish","hentry"],"yoast_head":"<!-- This site is optimized with the Yoast SEO plugin v27.5 - https:\/\/yoast.com\/product\/yoast-seo-wordpress\/ -->\n<title>Treat For Her - Treatwell x Una Stanza per un Sorriso - Treatwell IT<\/title>\n<meta name=\"robots\" content=\"index, follow, max-snippet:-1, max-image-preview:large, max-video-preview:-1\" \/>\n<link rel=\"canonical\" href=\"https:\/\/www.treatwell.it/inspiration\/treat-for-her-treatwell-x-una-stanza-per-un-sorriso\/\" \/>\n<meta property=\"og:locale\" content=\"it_IT\" \/>\n<meta property=\"og:type\" content=\"article\" \/>\n<meta property=\"og:title\" content=\"Treat For Her - Treatwell x Una Stanza per un Sorriso - Treatwell IT\" \/>\n<meta property=\"og:description\" content=\"In Italia oltre 120.000 donne ogni anno si ritrovano a dover fare i conti con il cancro. La chemioterapia, oltre a rappresentare uno stravolgimento drastico della vita di tutti i giorni, provoca spesso nelle donne malate una vera e propria perdita d&#8217;identit\u00e0 che, sul piano psicologico, rende ancora pi\u00f9 complesso il processo di guarigione. Una&hellip;\" \/>\n<meta property=\"og:url\" content=\"https:\/\/www.treatwell.it/inspiration\/treat-for-her-treatwell-x-una-stanza-per-un-sorriso\/\" \/>\n<meta property=\"og:site_name\" content=\"Treatwell IT\" \/>\n<meta property=\"article:modified_time\" content=\"2024-05-14T08:32:22+00:00\" \/>\n<meta property=\"og:image\" content=\"https:\/\/www.treatwell.it/inspiration\/wp-content\/uploads\/sites\/8\/2022\/05\/1200x628_B2C_Backgrounds2.png\" \/>\n<meta name=\"twitter:card\" content=\"summary_large_image\" \/>\n<meta name=\"twitter:label1\" content=\"Tempo di lettura stimato\" \/>\n\t<meta name=\"twitter:data1\" content=\"3 minuti\" \/>\n<script type=\"application\/ld+json\" class=\"yoast-schema-graph\">{\"@context\":\"https:\\\/\\\/schema.org\",\"@graph\":[{\"@type\":\"WebPage\",\"@id\":\"https:\\\/\\\/www.treatwell.it/inspiration\\\/treat-for-her-treatwell-x-una-stanza-per-un-sorriso\\\/\",\"url\":\"https:\\\/\\\/www.treatwell.it/inspiration\\\/treat-for-her-treatwell-x-una-stanza-per-un-sorriso\\\/\",\"name\":\"Treat For Her - Treatwell x Una Stanza per un Sorriso - Treatwell IT\",\"isPartOf\":{\"@id\":\"https:\\\/\\\/www.treatwell.it/inspiration\\\/#website\"},\"primaryImageOfPage\":{\"@id\":\"https:\\\/\\\/www.treatwell.it/inspiration\\\/treat-for-her-treatwell-x-una-stanza-per-un-sorriso\\\/#primaryimage\"},\"image\":{\"@id\":\"https:\\\/\\\/www.treatwell.it/inspiration\\\/treat-for-her-treatwell-x-una-stanza-per-un-sorriso\\\/#primaryimage\"},\"thumbnailUrl\":\"https:\\\/\\\/www.treatwell.it/inspiration\\\/wp-content\\\/uploads\\\/sites\\\/8\\\/2022\\\/05\\\/1200x628_B2C_Backgrounds2.png\",\"datePublished\":\"2022-03-30T08:21:45+00:00\",\"dateModified\":\"2024-05-14T08:32:22+00:00\",\"breadcrumb\":{\"@id\":\"https:\\\/\\\/www.treatwell.it/inspiration\\\/treat-for-her-treatwell-x-una-stanza-per-un-sorriso\\\/#breadcrumb\"},\"inLanguage\":\"it-IT\",\"potentialAction\":[{\"@type\":\"ReadAction\",\"target\":[\"https:\\\/\\\/www.treatwell.it/inspiration\\\/treat-for-her-treatwell-x-una-stanza-per-un-sorriso\\\/\"]}]},{\"@type\":\"ImageObject\",\"inLanguage\":\"it-IT\",\"@id\":\"https:\\\/\\\/www.treatwell.it/inspiration\\\/treat-for-her-treatwell-x-una-stanza-per-un-sorriso\\\/#primaryimage\",\"url\":\"https:\\\/\\\/www.treatwell.it/inspiration\\\/wp-content\\\/uploads\\\/sites\\\/8\\\/2022\\\/05\\\/1200x628_B2C_Backgrounds2.png\",\"contentUrl\":\"https:\\\/\\\/www.treatwell.it/inspiration\\\/wp-content\\\/uploads\\\/sites\\\/8\\\/2022\\\/05\\\/1200x628_B2C_Backgrounds2.png\",\"width\":1920,\"height\":600},{\"@type\":\"BreadcrumbList\",\"@id\":\"https:\\\/\\\/www.treatwell.it/inspiration\\\/treat-for-her-treatwell-x-una-stanza-per-un-sorriso\\\/#breadcrumb\",\"itemListElement\":[{\"@type\":\"ListItem\",\"position\":1,\"name\":\"Home\",\"item\":\"https:\\\/\\\/www.treatwell.it/inspiration\\\/\"},{\"@type\":\"ListItem\",\"position\":2,\"name\":\"Treat For Her &#8211; Treatwell x Una Stanza per un Sorriso\"}]},{\"@type\":\"WebSite\",\"@id\":\"https:\\\/\\\/www.treatwell.it/inspiration\\\/#website\",\"url\":\"https:\\\/\\\/www.treatwell.it/inspiration\\\/\",\"name\":\"Treatwell IT\",\"description\":\"\",\"potentialAction\":[{\"@type\":\"SearchAction\",\"target\":{\"@type\":\"EntryPoint\",\"urlTemplate\":\"https:\\\/\\\/www.treatwell.it/inspiration\\\/?s={search_term_string}\"},\"query-input\":{\"@type\":\"PropertyValueSpecification\",\"valueRequired\":true,\"valueName\":\"search_term_string\"}}],\"inLanguage\":\"it-IT\"}]}<\/script>\n<!-- \/ Yoast SEO plugin. -->","yoast_head_json":{"title":"Treat For Her - Treatwell x Una Stanza per un Sorriso - Treatwell IT","robots":{"index":"index","follow":"follow","max-snippet":"max-snippet:-1","max-image-preview":"max-image-preview:large","max-video-preview":"max-video-preview:-1"},"canonical":"https:\/\/www.treatwell.it/inspiration\/treat-for-her-treatwell-x-una-stanza-per-un-sorriso\/","og_locale":"it_IT","og_type":"article","og_title":"Treat For Her - Treatwell x Una Stanza per un Sorriso - Treatwell IT","og_description":"In Italia oltre 120.000 donne ogni anno si ritrovano a dover fare i conti con il cancro. La chemioterapia, oltre a rappresentare uno stravolgimento drastico della vita di tutti i giorni, provoca spesso nelle donne malate una vera e propria perdita d&#8217;identit\u00e0 che, sul piano psicologico, rende ancora pi\u00f9 complesso il processo di guarigione. Una&hellip;","og_url":"https:\/\/www.treatwell.it/inspiration\/treat-for-her-treatwell-x-una-stanza-per-un-sorriso\/","og_site_name":"Treatwell IT","article_modified_time":"2024-05-14T08:32:22+00:00","og_image":[{"url":"https:\/\/www.treatwell.it/inspiration\/wp-content\/uploads\/sites\/8\/2022\/05\/1200x628_B2C_Backgrounds2.png","type":"","width":"","height":""}],"twitter_card":"summary_large_image","twitter_misc":{"Tempo di lettura stimato":"3 minuti"},"schema":{"@context":"https:\/\/schema.org","@graph":[{"@type":"WebPage","@id":"https:\/\/www.treatwell.it/inspiration\/treat-for-her-treatwell-x-una-stanza-per-un-sorriso\/","url":"https:\/\/www.treatwell.it/inspiration\/treat-for-her-treatwell-x-una-stanza-per-un-sorriso\/","name":"Treat For Her - Treatwell x Una Stanza per un Sorriso - Treatwell IT","isPartOf":{"@id":"https:\/\/www.treatwell.it/inspiration\/#website"},"primaryImageOfPage":{"@id":"https:\/\/www.treatwell.it/inspiration\/treat-for-her-treatwell-x-una-stanza-per-un-sorriso\/#primaryimage"},"image":{"@id":"https:\/\/www.treatwell.it/inspiration\/treat-for-her-treatwell-x-una-stanza-per-un-sorriso\/#primaryimage"},"thumbnailUrl":"https:\/\/www.treatwell.it/inspiration\/wp-content\/uploads\/sites\/8\/2022\/05\/1200x628_B2C_Backgrounds2.png","datePublished":"2022-03-30T08:21:45+00:00","dateModified":"2024-05-14T08:32:22+00:00","breadcrumb":{"@id":"https:\/\/www.treatwell.it/inspiration\/treat-for-her-treatwell-x-una-stanza-per-un-sorriso\/#breadcrumb"},"inLanguage":"it-IT","potentialAction":[{"@type":"ReadAction","target":["https:\/\/www.treatwell.it/inspiration\/treat-for-her-treatwell-x-una-stanza-per-un-sorriso\/"]}]},{"@type":"ImageObject","inLanguage":"it-IT","@id":"https:\/\/www.treatwell.it/inspiration\/treat-for-her-treatwell-x-una-stanza-per-un-sorriso\/#primaryimage","url":"https:\/\/www.treatwell.it/inspiration\/wp-content\/uploads\/sites\/8\/2022\/05\/1200x628_B2C_Backgrounds2.png","contentUrl":"https:\/\/www.treatwell.it/inspiration\/wp-content\/uploads\/sites\/8\/2022\/05\/1200x628_B2C_Backgrounds2.png","width":1920,"height":600},{"@type":"BreadcrumbList","@id":"https:\/\/www.treatwell.it/inspiration\/treat-for-her-treatwell-x-una-stanza-per-un-sorriso\/#breadcrumb","itemListElement":[{"@type":"ListItem","position":1,"name":"Home","item":"https:\/\/www.treatwell.it/inspiration\/"},{"@type":"ListItem","position":2,"name":"Treat For Her &#8211; Treatwell x Una Stanza per un Sorriso"}]},{"@type":"WebSite","@id":"https:\/\/www.treatwell.it/inspiration\/#website","url":"https:\/\/www.treatwell.it/inspiration\/","name":"Treatwell IT","description":"","potentialAction":[{"@type":"SearchAction","target":{"@type":"EntryPoint","urlTemplate":"https:\/\/www.treatwell.it/inspiration\/?s={search_term_string}"},"query-input":{"@type":"PropertyValueSpecification","valueRequired":true,"valueName":"search_term_string"}}],"inLanguage":"it-IT"}]}},"_links":{"self":[{"href":"https:\/\/www.treatwell.it\/inspiration\/wp-json\/wp\/v2\/pages\/11902","targetHints":{"allow":["GET"]}}],"collection":[{"href":"https:\/\/www.treatwell.it\/inspiration\/wp-json\/wp\/v2\/pages"}],"about":[{"href":"https:\/\/www.treatwell.it\/inspiration\/wp-json\/wp\/v2\/types\/page"}],"author":[{"embeddable":true,"href":"https:\/\/www.treatwell.it\/inspiration\/wp-json\/wp\/v2\/users\/215"}],"replies":[{"embeddable":true,"href":"https:\/\/www.treatwell.it\/inspiration\/wp-json\/wp\/v2\/comments?post=11902"}],"version-history":[{"count":0,"href":"https:\/\/www.treatwell.it\/inspiration\/wp-json\/wp\/v2\/pages\/11902\/revisions"}],"wp:attachment":[{"href":"https:\/\/www.treatwell.it\/inspiration\/wp-json\/wp\/v2\/media?parent=11902"}],"curies":[{"name":"wp","href":"https:\/\/api.w.org\/{rel}","templated":true}]}}