{"id":3949,"date":"2022-06-27T08:29:17","date_gmt":"2022-06-27T08:29:17","guid":{"rendered":"https:\/\/www.treatwell.it/partners\/?page_id=3949"},"modified":"2025-11-18T09:52:38","modified_gmt":"2025-11-18T09:52:38","slug":"programma-di-referral-treatwell-pro-termini-e-condizioni","status":"publish","type":"page","link":"https:\/\/www.treatwell.it/partners\/consigliaci-un-salone-partner\/programma-di-referral-treatwell-pro-termini-e-condizioni\/","title":{"rendered":"Programma di referral Treatwell PRO Termini e condizioni"},"content":{"rendered":"\n<section  class=\"pt-[calc(var(--top-header)+var(--site-header-h-mobile)+40px)] lg:pt-[calc(var(--top-header)+var(--site-header-h-desktop)+48px)] bg-ethereal-white pb-10 lg:pb-12 xl:pb-16\">\n    <div class=\"container\">\n                    <h1 class=\"text-h2 md:text-5xl lg:text-6xl leading-none tracking-tighter font-bold text-center max-w-3xl mx-auto\">\n                Programma di referral Treatwell PRO &#8211; Termini e condizioni            <\/h1>\n        \n                    <h2 class=\"text-base md:text-xl lg:text-2xl leading-tight text-center md:max-w-xl xl:max-w-3xl mx-auto mt-6 lg:mt-4\">\n                Ultimo aggiornamento Giugno 2022            <\/h2>\n            <\/div>\n<\/section>\n\n\n    <section  class=\"\">\n        <div class=\"container\">\n            <article class=\"single-post-container\">\n                <div class=\"entry-content\">\n                    <p>Si prega di leggere attentamente i presenti Termini e Condizioni prima di partecipare al Programma di Referral Treatwell PRO (il &#8220;Programma&#8221;), in quanto si applicheranno. Se non si accettano i presenti Termini e Condizioni, non si deve partecipare al Programma. Si prega di notare che i nostri Termini e Politiche, come indicato nella sezione &#8220;Legale&#8221; del nostro sito web, continueranno ad applicarsi all&#8217;utilizzo del nostro sito web e di Treatwell PRO. Il Programma \u00e8 promosso e gestito da:<\/p>\n<ul>\n<li>In Gran Bretagna &#8211; Treatwell Limited: Fairfax House, 15 Fulwood Place, Londra, WC1V 6HU<\/li>\n<li>In Irlanda &#8211; Treatwell IE, filiale di Treatwell Limited: Fairfax House, 15 Fulwood Place, Londra, WC1V 6HU<\/li>\n<li>In Lituania &#8211; Treatwell LT UAB: J. Basanavi\u010diaus g. 15, 03108 Vilnius, Lituania<\/li>\n<li>In Spagna &#8211; Treatwell Spain s.l. : Carrer de Balmes, 7, Planta 3, 08007 Barcellona, Spagna<\/li>\n<li>In Italia &#8211; Treatwell IT s.r.l. : Via Aldo Manuzio, 17, 20124, Milano, Italia<br \/>\nIn Francia &#8211; Treatwell FR: 52 rue de la Chauss\u00e9e d&#8217;Antin &#8211; 75009 Parigi, Francia<\/li>\n<li>Nei Paesi Bassi e in Belgio &#8211; Treatwell BNL B.V. : Nieuwezijds Voorburgwal 120-126, 1012 SH Amsterdam, Paesi Bassi<\/li>\n<li>In Germania &#8211; Treatwell DACH GmbH: Greifswalder Str. 212, 10405 Berlino, Germania<\/li>\n<li>In Svizzera &#8211; Treatwell DACH GmbH, Zweigniederlassung Z\u00fcrich: Haggenholzstrasse 83b, 8050 Z\u00fcrich<\/li>\n<li>In Austria &#8211; Treatwell DACH GmbH, Zweigniederlassung Wien: Badhausgasse 18-20, Top 1-3, Lerchenfelderstra\u00dfe 95-97, 1070 Wien<\/li>\n<li>In Portogallo &#8211; Treatwell PT, Unipessoal, Lda: Rua Garrett, n.\u00ba 64, freguesia de Santa Maria Maior, concelho de Lisboa, 1200-204, Lisboa<\/li>\n<\/ul>\n<p>(&#8220;Treatwell&#8221;).<\/p>\n<p>Il Programma \u00e8 aperto agli utenti Treatwell PRO idonei (&#8220;Referente&#8221;) che &#8220;segnalano un amico&#8221; per l&#8217;acquisto di un abbonamento Treatwell PRO, nel rispetto delle seguenti condizioni e restrizioni:<\/p>\n<ul>\n<li>I referenti devono essere gi\u00e0 Partner Treatwell con un abbonamento attivo a Treatwell PRO.<br \/>\nI referenti non saranno idonei se:<\/p>\n<ul>\n<li>l&#8217;abbonamento a Treatwell PRO non \u00e8 pi\u00f9 in vigore per qualsiasi motivo; oppure<\/li>\n<li>il Referente ha comunicato la cancellazione dell&#8217;abbonamento a Treatwell PRO; oppure<\/li>\n<li>l&#8217;Inserzionista viola uno qualsiasi dei termini del suo Contratto Treatwell PRO.<\/li>\n<\/ul>\n<\/li>\n<li>Solo il Proprietario dell&#8217;account Treatwell (TW Pro &amp; TW Connect) pu\u00f2 essere un Referente (oppure si \u00e8 un dipendente di un Partner e si ha il consenso del Proprietario per effettuare il referral).<\/li>\n<li>I referenti devono fornire tutte le informazioni richieste del potenziale Partner Treatwell (&#8220;Referente&#8221;) tramite il modulo di iscrizione online per essere idonei (&#8220;Referente&#8221;). Tutte le iscrizioni effettuate al di fuori del modulo di invio online non saranno prese in considerazione.<\/li>\n<li>I Referenti e gli Arbitri devono essere residenti in un Paese in cui Treatwell opera attualmente al momento del Referral.<\/li>\n<li>Qualsiasi arbitro di cui Treatwell si sta gi\u00e0 occupando attivamente non potr\u00e0 essere preso in considerazione come Referral.<\/li>\n<li>Qualsiasi segnalazione fatta dai Referenti per gli Arbitri per i quali il Referente ha un interesse legale o benefico nell&#8217;Arbitro (sia direttamente che indirettamente) non sar\u00e0 ammissibile.<\/li>\n<li>L&#8217;Arbitro non deve: (i) essere stato in precedenza un Partner a cui Treatwell ha revocato l&#8217;incarico per violazione delle Condizioni generali di contratto del Partner; o (ii) essere altrimenti considerato da Treatwell, a sua esclusiva discrezione, non idoneo.<\/li>\n<li>Nel caso in cui vengano effettuati numerosi Rinvii per lo stesso Arbitro, solo un Referente avr\u00e0 diritto a quel Rinvio, a discrezione esclusiva di Treatwell.<\/li>\n<li>I referenti e gli arbitri (se del caso) devono avere almeno 18 anni.<\/li>\n<li>Il Programma \u00e8 attivo dalla data in cui viene comunicato a un potenziale Referente.<\/li>\n<li>Il Piano esclude i dipendenti, gli appaltatori o i lavoratori di Treatwell o di qualsiasi Societ\u00e0 del Gruppo e i loro familiari diretti, nonch\u00e9 chiunque sia professionalmente collegato al Piano.<\/li>\n<li>Al Referente o all&#8217;Arbitro pu\u00f2 essere chiesto di fornire un documento d&#8217;identit\u00e0.<\/li>\n<li>Non saranno accettate iscrizioni provenienti da operatori commerciali, gruppi di consumatori, terzi, agenti o iscrizioni generate automaticamente dal computer.<\/li>\n<li>Treatwell si riserva il diritto di ritirare il Programma (o di modificare i presenti Termini e condizioni) in qualsiasi momento e per qualsiasi motivo. Qualsiasi segnalazione effettuata dopo il ritiro del Programma non sar\u00e0 valida.<\/li>\n<\/ul>\n<h2>IL BUONO:<\/h2>\n<ul>\n<li>Il segnalante avr\u00e0 diritto a ricevere un buono Amazon eGift (il &#8220;Buono&#8221;).<\/li>\n<li>Il Referente avr\u00e0 diritto a un Voucher solo quando l&#8217;Arbitro firmer\u00e0 un contratto per un impegno annuale con Treatwell PRO (&#8220;Referente completato&#8221;).<\/li>\n<li>Il rinvio completato deve avvenire entro 60 giorni dal rinvio.<\/li>\n<li>Il Referente avr\u00e0 diritto a ricevere 1 (uno) buono Amazon per ogni Referenza completata.<\/li>\n<li>Il valore del Voucher fornito sar\u00e0 calcolato in base alla tabella seguente, in base alla quantit\u00e0 di personale registrato nell&#8217;account Treatwell PRO dell&#8217;arbitro:\n<ul>\n<li>Numero di dipendenti 0-2<br \/>\nValore del buono \u20ac150<\/li>\n<li>Numero di dipendenti 3-5<br \/>\nValore del buono \u20ac250<\/li>\n<li>Numero di dipendenti 6+<br \/>\nValore del buono \u20ac400<\/li>\n<\/ul>\n<\/li>\n<li>Il Buono sar\u00e0 destinato al mercato Amazon in cui il Referente \u00e8 residente. Il Buono sar\u00e0 nella valuta utilizzata dal Paese in cui risiede il Referente (\u00a3GBP o \u20acEUR).<\/li>\n<li>L&#8217;uso del Buono \u00e8 soggetto ai Termini e condizioni di Amazon. L&#8217;osservanza di tali termini \u00e8 responsabilit\u00e0 esclusiva del Referente.<\/li>\n<li>Il Voucher non pu\u00f2 essere riscattato insieme ad altre offerte o programmi.<\/li>\n<li>Non \u00e8 disponibile un&#8217;alternativa in contanti.<\/li>\n<li>Il riscatto del Voucher \u00e8 soggetto a disponibilit\u00e0.<\/li>\n<li>Treatwell si riserva il diritto di sostituire il Buono con un altro dello stesso valore.<\/li>\n<li>Treatwell si riserva il diritto di rifiutare la fornitura di un Buono qualora ritenga ragionevolmente che vi sia stata una violazione dei presenti Termini e condizioni o che vi sia stata un&#8217;attivit\u00e0 illegale connessa al Programma.<\/li>\n<\/ul>\n<h2>CONSEGNA<\/h2>\n<ul>\n<li>Il Referente ricever\u00e0 automaticamente il\/i Buono\/i via e-mail entro 60 giorni dal completamento della segnalazione. Se l&#8217;abbonamento a Treatwell PRO del Referente viene cancellato durante questo periodo di 60 giorni, l&#8217;idoneit\u00e0 del Referente a ricevere il\/i Buono\/i sar\u00e0 annullata.<\/li>\n<li>Il Voucher sar\u00e0 consegnato solo all&#8217;indirizzo e-mail del Proprietario associato all&#8217;account Treatwell PRO del Referente. I Referenti sono responsabili di garantire che il loro indirizzo e-mail in Treatwell PRO sia aggiornato. Treatwell non sar\u00e0 responsabile della mancata consegna se l&#8217;indirizzo non \u00e8 corretto.<\/li>\n<li>Treatwell non sar\u00e0 responsabile di eventuali Buoni non consegnati, di ritardi o difetti nella consegna per qualsiasi motivo o della perdita dei Buoni.<\/li>\n<li>Treatwell non sar\u00e0 responsabile di eventuali lesioni, perdite o danni derivanti da acquisti effettuati utilizzando il Voucher.<\/li>\n<\/ul>\n<h2>PROTEZIONE DEI DATI<\/h2>\n<p>Se l&#8217;utente sceglie di partecipare al Programma, Treatwell gli chieder\u00e0 di fornire: nome e cognome, indirizzo e-mail, numero di telefono e indirizzo postale.<\/p>\n<p>Partecipando al Programma e fornendo i dati personali sopra elencati, l&#8217;utente accetta di ricevere comunicazioni relative al Programma e ai Voucher da Treatwell e\/o Amazon. Treatwell potrebbe aver bisogno di condividere i vostri dati personali con Amazon affinch\u00e9 i Voucher vengano riscattati dall&#8217;utente o inviati direttamente da Amazon.<\/p>\n<p>Verr\u00e0 inoltre richiesto di indicare il nome completo, l&#8217;indirizzo e-mail, il numero di telefono e l&#8217;indirizzo postale dell&#8217;arbitro.<\/p>\n<p>L&#8217;utente deve assicurarsi di aver ottenuto il consenso dell&#8217;Arbitro a fornire queste informazioni a Treatwell e di aver reso l&#8217;Arbitro consapevole dei presenti Termini e Condizioni. L&#8217;Utente sar\u00e0 responsabile nei confronti di Treatwell per qualsiasi perdita subita in seguito alla mancata osservanza di questi requisiti.<\/p>\n<p>I dati personali saranno raccolti, trattati e utilizzati da Treatwell in qualit\u00e0 di titolare del trattamento in conformit\u00e0 con la Privacy &amp; Cookie Policy di Treatwell che pu\u00f2 essere consultata qui: https:\/\/www.treatwell.it\/.<\/p>\n<p>Tutti i Referenti e gli Arbitri hanno il diritto di accedere, modificare, rettificare e cancellare i dati che li riguardano. Il Referente o gli Arbitri possono esercitare tale diritto scrivendo all&#8217;indirizzo e-mail indicato in testa ai presenti Termini e condizioni.<\/p>\n<h2>LIMITAZIONE DI RESPONSABILIT\u00c0<\/h2>\n<p>Treatwell non pu\u00f2 essere ritenuta responsabile per la mancata ricezione dei Referral a causa di problemi tecnici o difficolt\u00e0 di rete. La prova di invio non costituisce prova di consegna. Partecipando al Programma, l&#8217;utente accetta di partecipare a proprio rischio e pericolo. Ad eccezione del fatto che Treatwell non esclude o limita la propria responsabilit\u00e0 per lesioni personali o morte causate dalla sua negligenza o per false dichiarazioni fraudolente o qualsiasi altra responsabilit\u00e0 che non pu\u00f2, per legge, essere limitata o esclusa, Treatwell non accetta alcuna responsabilit\u00e0 in relazione alla partecipazione (o all&#8217;impossibilit\u00e0 di partecipare) di un individuo al Programma nella misura massima consentita dalla legge, compresi i danni diretti, indiretti, incidentali, consequenziali o di qualsiasi altro tipo relativi a o derivanti dal Programma o dalla vostra partecipazione al Programma.<\/p>\n<h2>SEVERANZA<\/h2>\n<p>Se una parte di questi Termini e condizioni \u00e8 ritenuta inapplicabile per legge, tutte le altre parti di questi Termini e condizioni non saranno influenzate e rimarranno in vigore.<\/p>\n<h2>LEGGE APPLICABILE<\/h2>\n<p>Il Programma e i presenti Termini e condizioni saranno disciplinati e interpretati in conformit\u00e0 alle leggi del paese della societ\u00e0 Treatwell di riferimento. L&#8217;utente e noi concordiamo che i tribunali di tale paese avranno giurisdizione non esclusiva su qualsiasi reclamo o controversia derivante da, o relativa a, il Programma o i presenti Termini e condizioni.<\/p>\n<h2>DOMANDE<\/h2>\n<p>Se avete domande sul Programma o sul suo funzionamento, contattate il vostro account manager locale, se ne avete uno, o inviate un&#8217;e-mail all&#8217;indirizzo di posta elettronica della vostra giurisdizione indicato all&#8217;inizio di questi Termini e condizioni.<\/p>\n                <\/div>\n            <\/article>\n        <\/div>\n    <\/section>\n","protected":false},"excerpt":{"rendered":"","protected":false},"author":81,"featured_media":0,"parent":3945,"menu_order":0,"comment_status":"closed","ping_status":"closed","template":"templates\/base.php","meta":{"_acf_changed":true,"_editorskit_title_hidden":false,"_editorskit_reading_time":0,"_editorskit_is_block_options_detached":false,"_editorskit_block_options_position":"{}","footnotes":""},"class_list":["post-3949","page","type-page","status-publish","hentry"],"acf":[],"yoast_head":"<!-- This site is optimized with the Yoast SEO plugin v27.3 - https:\/\/yoast.com\/product\/yoast-seo-wordpress\/ -->\n<title>Termini e Condizioni del Programma di Referral Treatwell<\/title>\n<meta name=\"description\" content=\"Leggi Termini e Condizioni ufficiali per il Programma di Referral di Treatwell. Scopri come puoi guadagnare segnalando un salone.\" \/>\n<meta name=\"robots\" content=\"index, follow, max-snippet:-1, max-image-preview:large, max-video-preview:-1\" \/>\n<link rel=\"canonical\" href=\"https:\/\/www.treatwell.it/partners\/consigliaci-un-salone-partner\/programma-di-referral-treatwell-pro-termini-e-condizioni\/\" \/>\n<meta property=\"og:locale\" content=\"it_IT\" \/>\n<meta property=\"og:type\" content=\"article\" \/>\n<meta property=\"og:title\" content=\"Termini e Condizioni del Programma di Referral Treatwell\" \/>\n<meta property=\"og:description\" content=\"Leggi Termini e Condizioni ufficiali per il Programma di Referral di Treatwell. Scopri come puoi guadagnare segnalando un salone.\" \/>\n<meta property=\"og:url\" content=\"https:\/\/www.treatwell.it/partners\/consigliaci-un-salone-partner\/programma-di-referral-treatwell-pro-termini-e-condizioni\/\" \/>\n<meta property=\"og:site_name\" content=\"Treatwell Business\" \/>\n<meta property=\"article:modified_time\" content=\"2025-11-18T09:52:38+00:00\" \/>\n<meta property=\"og:image\" content=\"https:\/\/www.treatwell.it/partners\/wp-content\/uploads\/sites\/15\/2024\/12\/fb-share.png\" \/>\n\t<meta property=\"og:image:width\" content=\"1200\" \/>\n\t<meta property=\"og:image:height\" content=\"630\" \/>\n\t<meta property=\"og:image:type\" content=\"image\/png\" \/>\n<meta name=\"twitter:card\" content=\"summary_large_image\" \/>\n<script type=\"application\/ld+json\" class=\"yoast-schema-graph\">{\"@context\":\"https:\\\/\\\/schema.org\",\"@graph\":[{\"@type\":\"WebPage\",\"@id\":\"https:\\\/\\\/www.treatwell.it/partners\\\/consigliaci-un-salone-partner\\\/programma-di-referral-treatwell-pro-termini-e-condizioni\\\/\",\"url\":\"https:\\\/\\\/www.treatwell.it/partners\\\/consigliaci-un-salone-partner\\\/programma-di-referral-treatwell-pro-termini-e-condizioni\\\/\",\"name\":\"Termini e Condizioni del Programma di Referral Treatwell\",\"isPartOf\":{\"@id\":\"https:\\\/\\\/www.treatwell.it/partners\\\/#website\"},\"datePublished\":\"2022-06-27T08:29:17+00:00\",\"dateModified\":\"2025-11-18T09:52:38+00:00\",\"description\":\"Leggi Termini e Condizioni ufficiali per il Programma di Referral di Treatwell. Scopri come puoi guadagnare segnalando un salone.\",\"breadcrumb\":{\"@id\":\"https:\\\/\\\/www.treatwell.it/partners\\\/consigliaci-un-salone-partner\\\/programma-di-referral-treatwell-pro-termini-e-condizioni\\\/#breadcrumb\"},\"inLanguage\":\"it-IT\",\"potentialAction\":[{\"@type\":\"ReadAction\",\"target\":[\"https:\\\/\\\/www.treatwell.it/partners\\\/consigliaci-un-salone-partner\\\/programma-di-referral-treatwell-pro-termini-e-condizioni\\\/\"]}]},{\"@type\":\"BreadcrumbList\",\"@id\":\"https:\\\/\\\/www.treatwell.it/partners\\\/consigliaci-un-salone-partner\\\/programma-di-referral-treatwell-pro-termini-e-condizioni\\\/#breadcrumb\",\"itemListElement\":[{\"@type\":\"ListItem\",\"position\":1,\"name\":\"Home\",\"item\":\"https:\\\/\\\/www.treatwell.it/partners\\\/\"},{\"@type\":\"ListItem\",\"position\":2,\"name\":\"Consigliaci un salone partner\",\"item\":\"https:\\\/\\\/www.treatwell.it/partners\\\/consigliaci-un-salone-partner\\\/\"},{\"@type\":\"ListItem\",\"position\":3,\"name\":\"Programma di referral Treatwell PRO Termini e condizioni\"}]},{\"@type\":\"WebSite\",\"@id\":\"https:\\\/\\\/www.treatwell.it/partners\\\/#website\",\"url\":\"https:\\\/\\\/www.treatwell.it/partners\\\/\",\"name\":\"Treatwell Business\",\"description\":\"\",\"publisher\":{\"@id\":\"https:\\\/\\\/www.treatwell.it/partners\\\/#organization\"},\"potentialAction\":[{\"@type\":\"SearchAction\",\"target\":{\"@type\":\"EntryPoint\",\"urlTemplate\":\"https:\\\/\\\/www.treatwell.it/partners\\\/?s={search_term_string}\"},\"query-input\":{\"@type\":\"PropertyValueSpecification\",\"valueRequired\":true,\"valueName\":\"search_term_string\"}}],\"inLanguage\":\"it-IT\"},{\"@type\":\"Organization\",\"@id\":\"https:\\\/\\\/www.treatwell.it/partners\\\/#organization\",\"name\":\"Treatwell\",\"url\":\"https:\\\/\\\/www.treatwell.it/partners\\\/\",\"logo\":{\"@type\":\"ImageObject\",\"inLanguage\":\"it-IT\",\"@id\":\"https:\\\/\\\/www.treatwell.it/partners\\\/#\\\/schema\\\/logo\\\/image\\\/\",\"url\":\"https:\\\/\\\/www.treatwell.it/partners\\\/wp-content\\\/uploads\\\/sites\\\/15\\\/2020\\\/04\\\/treatwell-logotype-navy-rgb@2x.png\",\"contentUrl\":\"https:\\\/\\\/www.treatwell.it/partners\\\/wp-content\\\/uploads\\\/sites\\\/15\\\/2020\\\/04\\\/treatwell-logotype-navy-rgb@2x.png\",\"width\":302,\"height\":56,\"caption\":\"Treatwell\"},\"image\":{\"@id\":\"https:\\\/\\\/www.treatwell.it/partners\\\/#\\\/schema\\\/logo\\\/image\\\/\"}}]}<\/script>\n<!-- \/ Yoast SEO plugin. -->","yoast_head_json":{"title":"Termini e Condizioni del Programma di Referral Treatwell","description":"Leggi Termini e Condizioni ufficiali per il Programma di Referral di Treatwell. Scopri come puoi guadagnare segnalando un salone.","robots":{"index":"index","follow":"follow","max-snippet":"max-snippet:-1","max-image-preview":"max-image-preview:large","max-video-preview":"max-video-preview:-1"},"canonical":"https:\/\/www.treatwell.it/partners\/consigliaci-un-salone-partner\/programma-di-referral-treatwell-pro-termini-e-condizioni\/","og_locale":"it_IT","og_type":"article","og_title":"Termini e Condizioni del Programma di Referral Treatwell","og_description":"Leggi Termini e Condizioni ufficiali per il Programma di Referral di Treatwell. Scopri come puoi guadagnare segnalando un salone.","og_url":"https:\/\/www.treatwell.it/partners\/consigliaci-un-salone-partner\/programma-di-referral-treatwell-pro-termini-e-condizioni\/","og_site_name":"Treatwell Business","article_modified_time":"2025-11-18T09:52:38+00:00","og_image":[{"width":1200,"height":630,"url":"https:\/\/www.treatwell.it/partners\/wp-content\/uploads\/sites\/15\/2024\/12\/fb-share.png","type":"image\/png"}],"twitter_card":"summary_large_image","schema":{"@context":"https:\/\/schema.org","@graph":[{"@type":"WebPage","@id":"https:\/\/www.treatwell.it/partners\/consigliaci-un-salone-partner\/programma-di-referral-treatwell-pro-termini-e-condizioni\/","url":"https:\/\/www.treatwell.it/partners\/consigliaci-un-salone-partner\/programma-di-referral-treatwell-pro-termini-e-condizioni\/","name":"Termini e Condizioni del Programma di Referral Treatwell","isPartOf":{"@id":"https:\/\/www.treatwell.it/partners\/#website"},"datePublished":"2022-06-27T08:29:17+00:00","dateModified":"2025-11-18T09:52:38+00:00","description":"Leggi Termini e Condizioni ufficiali per il Programma di Referral di Treatwell. Scopri come puoi guadagnare segnalando un salone.","breadcrumb":{"@id":"https:\/\/www.treatwell.it/partners\/consigliaci-un-salone-partner\/programma-di-referral-treatwell-pro-termini-e-condizioni\/#breadcrumb"},"inLanguage":"it-IT","potentialAction":[{"@type":"ReadAction","target":["https:\/\/www.treatwell.it/partners\/consigliaci-un-salone-partner\/programma-di-referral-treatwell-pro-termini-e-condizioni\/"]}]},{"@type":"BreadcrumbList","@id":"https:\/\/www.treatwell.it/partners\/consigliaci-un-salone-partner\/programma-di-referral-treatwell-pro-termini-e-condizioni\/#breadcrumb","itemListElement":[{"@type":"ListItem","position":1,"name":"Home","item":"https:\/\/www.treatwell.it/partners\/"},{"@type":"ListItem","position":2,"name":"Consigliaci un salone partner","item":"https:\/\/www.treatwell.it/partners\/consigliaci-un-salone-partner\/"},{"@type":"ListItem","position":3,"name":"Programma di referral Treatwell PRO Termini e condizioni"}]},{"@type":"WebSite","@id":"https:\/\/www.treatwell.it/partners\/#website","url":"https:\/\/www.treatwell.it/partners\/","name":"Treatwell Business","description":"","publisher":{"@id":"https:\/\/www.treatwell.it/partners\/#organization"},"potentialAction":[{"@type":"SearchAction","target":{"@type":"EntryPoint","urlTemplate":"https:\/\/www.treatwell.it/partners\/?s={search_term_string}"},"query-input":{"@type":"PropertyValueSpecification","valueRequired":true,"valueName":"search_term_string"}}],"inLanguage":"it-IT"},{"@type":"Organization","@id":"https:\/\/www.treatwell.it/partners\/#organization","name":"Treatwell","url":"https:\/\/www.treatwell.it/partners\/","logo":{"@type":"ImageObject","inLanguage":"it-IT","@id":"https:\/\/www.treatwell.it/partners\/#\/schema\/logo\/image\/","url":"https:\/\/www.treatwell.it/partners\/wp-content\/uploads\/sites\/15\/2020\/04\/treatwell-logotype-navy-rgb@2x.png","contentUrl":"https:\/\/www.treatwell.it/partners\/wp-content\/uploads\/sites\/15\/2020\/04\/treatwell-logotype-navy-rgb@2x.png","width":302,"height":56,"caption":"Treatwell"},"image":{"@id":"https:\/\/www.treatwell.it/partners\/#\/schema\/logo\/image\/"}}]}},"_links":{"self":[{"href":"https:\/\/www.treatwell.it\/partners\/wp-json\/wp\/v2\/pages\/3949","targetHints":{"allow":["GET"]}}],"collection":[{"href":"https:\/\/www.treatwell.it\/partners\/wp-json\/wp\/v2\/pages"}],"about":[{"href":"https:\/\/www.treatwell.it\/partners\/wp-json\/wp\/v2\/types\/page"}],"author":[{"embeddable":true,"href":"https:\/\/www.treatwell.it\/partners\/wp-json\/wp\/v2\/users\/81"}],"replies":[{"embeddable":true,"href":"https:\/\/www.treatwell.it\/partners\/wp-json\/wp\/v2\/comments?post=3949"}],"version-history":[{"count":0,"href":"https:\/\/www.treatwell.it\/partners\/wp-json\/wp\/v2\/pages\/3949\/revisions"}],"up":[{"embeddable":true,"href":"https:\/\/www.treatwell.it\/partners\/wp-json\/wp\/v2\/pages\/3945"}],"wp:attachment":[{"href":"https:\/\/www.treatwell.it\/partners\/wp-json\/wp\/v2\/media?parent=3949"}],"curies":[{"name":"wp","href":"https:\/\/api.w.org\/{rel}","templated":true}]}}